{"id":117,"date":"2017-04-03T03:35:52","date_gmt":"2017-04-03T03:35:52","guid":{"rendered":"http:\/\/www.dentistehostettler.ch\/accueil\/?page_id=117"},"modified":"2024-09-14T15:58:49","modified_gmt":"2024-09-14T15:58:49","slug":"fiches-info","status":"publish","type":"page","link":"https:\/\/www.dentistehostettler.ch\/accueil\/fiches-info\/","title":{"rendered":"Fiches INFO"},"content":{"rendered":"<section class=\"l-section wpb_row height_small\"><div class=\"l-section-overlay\" style=\"background:var(--color-header-middle-text-hover)\"><\/div><div class=\"l-section-h i-cf\"><div class=\"g-cols vc_row via_flex valign_top type_default stacking_default\"><div class=\"vc_col-sm-4 wpb_column vc_column_container\"><div class=\"vc_column-inner us_custom_5192b3a7 us_animate_this\"><div class=\"wpb_wrapper\"><div class=\"w-btn-wrapper align_none\"><a class=\"w-btn us-btn-style_1 us_custom_a7872a4d icon_atleft\" href=\"http:\/\/www.dentistehostettler.ch\/accueil\/\"><i class=\"material-icons\">arrow_back<\/i><span class=\"w-btn-label\">Retour \u00e0 la page d&rsquo;accueil<\/span><\/a><\/div><\/div><\/div><\/div><div class=\"vc_col-sm-4 wpb_column vc_column_container\"><div class=\"vc_column-inner\"><div class=\"wpb_wrapper\"><div class=\"w-image us_custom_af72fa3d us_animate_this has_height align_center\"><a href=\"http:\/\/www.dentistehostettler.ch\/accueil\/\" aria-label=\"rond-120\" class=\"w-image-h\"><img decoding=\"async\" width=\"120\" height=\"119\" src=\"https:\/\/www.dentistehostettler.ch\/wp-content\/uploads\/2018\/02\/rond-120.png\" class=\"attachment-full size-full\" alt=\"\" loading=\"lazy\" \/><\/a><\/div><\/div><\/div><\/div><div class=\"vc_col-sm-4 wpb_column vc_column_container\"><div class=\"vc_column-inner us_custom_21fa7007 us_animate_this\"><div class=\"wpb_wrapper\"><\/div><\/div><\/div><\/div><\/div><\/section><!-- Row Backgrounds --><div class=\"upb_color\" data-bg-override=\"0\" data-bg-color=\"#01a395\" data-fadeout=\"\" data-fadeout-percentage=\"30\" data-parallax-content=\"\" data-parallax-content-sense=\"30\" data-row-effect-mobile-disable=\"true\" data-img-parallax-mobile-disable=\"true\" data-rtl=\"false\"  data-custom-vc-row=\"\"  data-vc=\"8.7.1\"  data-is_old_vc=\"\"  data-theme-support=\"\"   data-overlay=\"false\" data-overlay-color=\"\" data-overlay-pattern=\"\" data-overlay-pattern-opacity=\"\" data-overlay-pattern-size=\"\"    ><\/div><section class=\"l-section wpb_row height_medium\"><div class=\"l-section-h i-cf\"><div class=\"g-cols vc_row via_flex valign_top type_default stacking_default\"><div class=\"vc_col-sm-12 wpb_column vc_column_container\"><div class=\"vc_column-inner us_custom_0e043344\"><div class=\"wpb_wrapper\"><div class=\"wpb_text_column\"><div class=\"wpb_wrapper\"><h2 style=\"text-align: center;\">Bienvenue sur la page des fiches d&rsquo;INFO<\/h2>\n<\/div><\/div><\/div><\/div><\/div><\/div><\/div><\/section><section class=\"l-section wpb_row height_medium\"><div class=\"l-section-h i-cf\"><div class=\"g-cols vc_row via_flex valign_top type_default stacking_default\"><div class=\"vc_col-sm-4 wpb_column vc_column_container\"><div class=\"vc_column-inner us_custom_47d40b1d us_animate_this\"><div class=\"wpb_wrapper\"><div class=\"w-iconbox iconpos_left style_circle color_custom align_left no_text icontype_img\"><a target=\" _blank\" rel=\"nofollow\" href=\"http:\/\/www.dentistehostettler.ch\/wp-content\/uploads\/2017\/04\/orthodontie-sans-bagues.pdf\" class=\"w-iconbox-link\" aria-label=\"Orthodontie sans bague\"><div class=\"w-iconbox-icon\" style=\"font-size:16px;--icon-color:#ffffff;--icon-bg-color:var(--color-header-middle-text-hover);\"><img loading=\"lazy\" decoding=\"async\" width=\"614\" height=\"612\" src=\"https:\/\/www.dentistehostettler.ch\/wp-content\/uploads\/2017\/03\/Icon_ortho.png\" class=\"attachment-full size-full\" alt=\"\" srcset=\"https:\/\/www.dentistehostettler.ch\/wp-content\/uploads\/2017\/03\/Icon_ortho.png 614w, https:\/\/www.dentistehostettler.ch\/wp-content\/uploads\/2017\/03\/Icon_ortho-150x150.png 150w, https:\/\/www.dentistehostettler.ch\/wp-content\/uploads\/2017\/03\/Icon_ortho-300x300.png 300w, https:\/\/www.dentistehostettler.ch\/wp-content\/uploads\/2017\/03\/Icon_ortho-600x598.png 600w, https:\/\/www.dentistehostettler.ch\/wp-content\/uploads\/2017\/03\/Icon_ortho-350x350.png 350w\" sizes=\"auto, (max-width: 614px) 100vw, 614px\" \/><\/div><\/a><div class=\"w-iconbox-meta\"><h6 class=\"w-iconbox-title\"><a target=\" _blank\" rel=\"nofollow\" href=\"http:\/\/www.dentistehostettler.ch\/wp-content\/uploads\/2017\/04\/orthodontie-sans-bagues.pdf\" class=\"w-iconbox-link\" aria-label=\"Orthodontie sans bague\">Orthodontie sans bague<\/a><\/h6><\/div><\/div><div class=\"w-separator us_custom_906f0a39 has_text_color size_small with_line width_default thick_1 style_solid color_border align_center\"><div class=\"w-separator-h\"><\/div><\/div><div class=\"w-iconbox iconpos_left style_circle color_custom align_left no_text icontype_img\"><a target=\"_blank\" rel=\"nofollow\" href=\"http:\/\/www.dentistehostettler.ch\/wp-content\/uploads\/2024\/09\/les-dents-hypersensibles.pdf\" class=\"w-iconbox-link\" aria-label=\"Dents hypersensibles\"><div class=\"w-iconbox-icon\" style=\"font-size:16px;--icon-color:#ffffff;--icon-bg-color:var(--color-header-middle-text-hover);\"><img loading=\"lazy\" decoding=\"async\" width=\"614\" height=\"612\" src=\"https:\/\/www.dentistehostettler.ch\/wp-content\/uploads\/2017\/03\/Icon_Sensible.png\" class=\"attachment-full size-full\" alt=\"\" srcset=\"https:\/\/www.dentistehostettler.ch\/wp-content\/uploads\/2017\/03\/Icon_Sensible.png 614w, https:\/\/www.dentistehostettler.ch\/wp-content\/uploads\/2017\/03\/Icon_Sensible-150x150.png 150w, https:\/\/www.dentistehostettler.ch\/wp-content\/uploads\/2017\/03\/Icon_Sensible-300x300.png 300w, https:\/\/www.dentistehostettler.ch\/wp-content\/uploads\/2017\/03\/Icon_Sensible-600x598.png 600w, https:\/\/www.dentistehostettler.ch\/wp-content\/uploads\/2017\/03\/Icon_Sensible-350x350.png 350w\" sizes=\"auto, (max-width: 614px) 100vw, 614px\" \/><\/div><\/a><div class=\"w-iconbox-meta\"><h6 class=\"w-iconbox-title\"><a target=\"_blank\" rel=\"nofollow\" href=\"http:\/\/www.dentistehostettler.ch\/wp-content\/uploads\/2024\/09\/les-dents-hypersensibles.pdf\" class=\"w-iconbox-link\" aria-label=\"Dents hypersensibles\">Dents hypersensibles<\/a><\/h6><\/div><\/div><div class=\"w-separator us_custom_906f0a39 has_text_color size_small with_line width_default thick_1 style_solid color_border align_center\"><div class=\"w-separator-h\"><\/div><\/div><div class=\"w-iconbox iconpos_left style_circle color_custom align_left no_text icontype_img\"><a target=\"_blank\" rel=\"nofollow\" href=\"http:\/\/www.dentistehostettler.ch\/wp-content\/uploads\/2024\/09\/brosse-a-dent-electrique.pdf\" class=\"w-iconbox-link\" aria-label=\"Brosse \u00e0 dent \u00e9l\u00e9ctrique\"><div class=\"w-iconbox-icon\" style=\"font-size:16px;--icon-color:#ffffff;--icon-bg-color:var(--color-header-middle-text-hover);\"><img loading=\"lazy\" decoding=\"async\" width=\"315\" height=\"321\" src=\"https:\/\/www.dentistehostettler.ch\/wp-content\/uploads\/2017\/03\/tooth-brush.png\" class=\"attachment-full size-full\" alt=\"\" srcset=\"https:\/\/www.dentistehostettler.ch\/wp-content\/uploads\/2017\/03\/tooth-brush.png 315w, https:\/\/www.dentistehostettler.ch\/wp-content\/uploads\/2017\/03\/tooth-brush-294x300.png 294w\" sizes=\"auto, (max-width: 315px) 100vw, 315px\" \/><\/div><\/a><div class=\"w-iconbox-meta\"><h6 class=\"w-iconbox-title\"><a target=\"_blank\" rel=\"nofollow\" href=\"http:\/\/www.dentistehostettler.ch\/wp-content\/uploads\/2024\/09\/brosse-a-dent-electrique.pdf\" class=\"w-iconbox-link\" aria-label=\"Brosse \u00e0 dent \u00e9l\u00e9ctrique\">Brosse \u00e0 dent \u00e9l\u00e9ctrique<\/a><\/h6><\/div><\/div><div class=\"w-separator us_custom_906f0a39 has_text_color size_small with_line width_default thick_1 style_solid color_border align_center\"><div class=\"w-separator-h\"><\/div><\/div><div class=\"w-iconbox iconpos_left style_circle color_custom align_left no_text icontype_img\"><a target=\"_blank\" rel=\"nofollow\" href=\"http:\/\/www.dentistehostettler.ch\/wp-content\/uploads\/2024\/09\/bien-choisir-son-dentifrice-V2.pdf\" class=\"w-iconbox-link\" aria-label=\"Bien choisir son dentifrice\"><div class=\"w-iconbox-icon\" style=\"font-size:16px;--icon-color:#ffffff;--icon-bg-color:var(--color-header-middle-text-hover);\"><img loading=\"lazy\" decoding=\"async\" width=\"595\" height=\"595\" src=\"https:\/\/www.dentistehostettler.ch\/wp-content\/uploads\/2017\/03\/teeth-cleaning.png\" class=\"attachment-full size-full\" alt=\"\" srcset=\"https:\/\/www.dentistehostettler.ch\/wp-content\/uploads\/2017\/03\/teeth-cleaning.png 595w, https:\/\/www.dentistehostettler.ch\/wp-content\/uploads\/2017\/03\/teeth-cleaning-150x150.png 150w, https:\/\/www.dentistehostettler.ch\/wp-content\/uploads\/2017\/03\/teeth-cleaning-300x300.png 300w, https:\/\/www.dentistehostettler.ch\/wp-content\/uploads\/2017\/03\/teeth-cleaning-350x350.png 350w\" sizes=\"auto, (max-width: 595px) 100vw, 595px\" \/><\/div><\/a><div class=\"w-iconbox-meta\"><h6 class=\"w-iconbox-title\"><a target=\"_blank\" rel=\"nofollow\" href=\"http:\/\/www.dentistehostettler.ch\/wp-content\/uploads\/2024\/09\/bien-choisir-son-dentifrice-V2.pdf\" class=\"w-iconbox-link\" aria-label=\"Bien choisir son dentifrice\">Bien choisir son dentifrice<\/a><\/h6><\/div><\/div><div class=\"w-separator us_custom_906f0a39 has_text_color size_small with_line width_default thick_1 style_solid color_border align_center\"><div class=\"w-separator-h\"><\/div><\/div><\/div><\/div><\/div><div class=\"vc_col-sm-4 wpb_column vc_column_container\"><div class=\"vc_column-inner us_custom_15a2201b us_animate_this\"><div class=\"wpb_wrapper\"><div class=\"w-iconbox iconpos_left style_circle color_custom align_left no_text icontype_img\"><a target=\"_blank\" rel=\"nofollow\" href=\"http:\/\/www.dentistehostettler.ch\/wp-content\/uploads\/2024\/09\/dents-de-sagesse.pdf\" class=\"w-iconbox-link\" aria-label=\"Mes dents de sagesse\"><div class=\"w-iconbox-icon\" style=\"font-size:16px;--icon-color:#ffffff;--icon-bg-color:var(--color-header-middle-text-hover);\"><img loading=\"lazy\" decoding=\"async\" width=\"614\" height=\"612\" src=\"https:\/\/www.dentistehostettler.ch\/wp-content\/uploads\/2017\/03\/icon_sagessa.png\" class=\"attachment-full size-full\" alt=\"\" srcset=\"https:\/\/www.dentistehostettler.ch\/wp-content\/uploads\/2017\/03\/icon_sagessa.png 614w, https:\/\/www.dentistehostettler.ch\/wp-content\/uploads\/2017\/03\/icon_sagessa-150x150.png 150w, https:\/\/www.dentistehostettler.ch\/wp-content\/uploads\/2017\/03\/icon_sagessa-300x300.png 300w, https:\/\/www.dentistehostettler.ch\/wp-content\/uploads\/2017\/03\/icon_sagessa-600x598.png 600w, https:\/\/www.dentistehostettler.ch\/wp-content\/uploads\/2017\/03\/icon_sagessa-350x350.png 350w\" sizes=\"auto, (max-width: 614px) 100vw, 614px\" \/><\/div><\/a><div class=\"w-iconbox-meta\"><h6 class=\"w-iconbox-title\"><a target=\"_blank\" rel=\"nofollow\" href=\"http:\/\/www.dentistehostettler.ch\/wp-content\/uploads\/2024\/09\/dents-de-sagesse.pdf\" class=\"w-iconbox-link\" aria-label=\"Mes dents de sagesse\">Mes dents de sagesse<\/a><\/h6><\/div><\/div><div class=\"w-separator us_custom_906f0a39 has_text_color size_small with_line width_default thick_1 style_solid color_border align_center\"><div class=\"w-separator-h\"><\/div><\/div><div class=\"w-iconbox iconpos_left style_circle color_custom align_left no_text icontype_img\"><a target=\"_blank\" rel=\"nofollow\" href=\"http:\/\/www.dentistehostettler.ch\/wp-content\/uploads\/2024\/09\/blanchiment-des-dents-v2.pdf\" class=\"w-iconbox-link\" aria-label=\"Blanchir ses dents\"><div class=\"w-iconbox-icon\" style=\"font-size:16px;--icon-color:#ffffff;--icon-bg-color:var(--color-header-middle-text-hover);\"><img loading=\"lazy\" decoding=\"async\" width=\"376\" height=\"375\" src=\"https:\/\/www.dentistehostettler.ch\/wp-content\/uploads\/2017\/03\/medical.png\" class=\"attachment-full size-full\" alt=\"\" srcset=\"https:\/\/www.dentistehostettler.ch\/wp-content\/uploads\/2017\/03\/medical.png 376w, https:\/\/www.dentistehostettler.ch\/wp-content\/uploads\/2017\/03\/medical-150x150.png 150w, https:\/\/www.dentistehostettler.ch\/wp-content\/uploads\/2017\/03\/medical-300x300.png 300w, https:\/\/www.dentistehostettler.ch\/wp-content\/uploads\/2017\/03\/medical-350x350.png 350w\" sizes=\"auto, (max-width: 376px) 100vw, 376px\" \/><\/div><\/a><div class=\"w-iconbox-meta\"><h6 class=\"w-iconbox-title\"><a target=\"_blank\" rel=\"nofollow\" href=\"http:\/\/www.dentistehostettler.ch\/wp-content\/uploads\/2024\/09\/blanchiment-des-dents-v2.pdf\" class=\"w-iconbox-link\" aria-label=\"Blanchir ses dents\">Blanchir ses dents<\/a><\/h6><\/div><\/div><div class=\"w-separator us_custom_906f0a39 has_text_color size_small with_line width_default thick_1 style_solid color_border align_center\"><div class=\"w-separator-h\"><\/div><\/div><div class=\"w-iconbox iconpos_left style_circle color_custom align_left no_text icontype_img\"><a target=\"_blank\" rel=\"nofollow\" href=\"http:\/\/www.dentistehostettler.ch\/wp-content\/uploads\/2024\/09\/implant.pdf\" class=\"w-iconbox-link\" aria-label=\"Implant dentaire\"><div class=\"w-iconbox-icon\" style=\"font-size:16px;--icon-color:#ffffff;--icon-bg-color:var(--color-header-middle-text-hover);\"><img loading=\"lazy\" decoding=\"async\" width=\"386\" height=\"384\" src=\"https:\/\/www.dentistehostettler.ch\/wp-content\/uploads\/2018\/02\/implant_icone-1.png\" class=\"attachment-full size-full\" alt=\"\" srcset=\"https:\/\/www.dentistehostettler.ch\/wp-content\/uploads\/2018\/02\/implant_icone-1.png 386w, https:\/\/www.dentistehostettler.ch\/wp-content\/uploads\/2018\/02\/implant_icone-1-150x150.png 150w, https:\/\/www.dentistehostettler.ch\/wp-content\/uploads\/2018\/02\/implant_icone-1-300x298.png 300w\" sizes=\"auto, (max-width: 386px) 100vw, 386px\" \/><\/div><\/a><div class=\"w-iconbox-meta\"><h6 class=\"w-iconbox-title\"><a target=\"_blank\" rel=\"nofollow\" href=\"http:\/\/www.dentistehostettler.ch\/wp-content\/uploads\/2024\/09\/implant.pdf\" class=\"w-iconbox-link\" aria-label=\"Implant dentaire\">Implant dentaire<\/a><\/h6><\/div><\/div><div class=\"w-separator us_custom_906f0a39 has_text_color size_small with_line width_default thick_1 style_solid color_border align_center\"><div class=\"w-separator-h\"><\/div><\/div><div class=\"w-iconbox iconpos_left style_circle color_custom align_left no_text\"><a target=\"_blank\" rel=\"nofollow\" href=\"http:\/\/www.dentistehostettler.ch\/wp-content\/uploads\/2024\/09\/urgences.pdf\" class=\"w-iconbox-link\" aria-label=\"Services d&rsquo;urgence\"><div class=\"w-iconbox-icon\" style=\"font-size:16px;--icon-color:#ffffff;--icon-bg-color:var(--color-header-middle-text-hover);\"><i class=\"fas fa-asterisk\"><\/i><\/div><\/a><div class=\"w-iconbox-meta\"><h6 class=\"w-iconbox-title\"><a target=\"_blank\" rel=\"nofollow\" href=\"http:\/\/www.dentistehostettler.ch\/wp-content\/uploads\/2024\/09\/urgences.pdf\" class=\"w-iconbox-link\" aria-label=\"Services d&rsquo;urgence\">Services d&rsquo;urgence<\/a><\/h6><\/div><\/div><div class=\"w-separator us_custom_906f0a39 has_text_color size_small with_line width_default thick_1 style_solid color_border align_center\"><div class=\"w-separator-h\"><\/div><\/div><div class=\"w-separator size_custom\" style=\"height:100px\"><\/div><\/div><\/div><\/div><div class=\"vc_col-sm-4 wpb_column vc_column_container\"><div class=\"vc_column-inner us_custom_8c71efed us_animate_this\"><div class=\"wpb_wrapper\"><div class=\"w-iconbox iconpos_left style_circle color_custom align_left no_text\"><a target=\"_blank\" rel=\"nofollow\" href=\"http:\/\/www.dentistehostettler.ch\/wp-content\/uploads\/2024\/09\/dentiste-sso-v2.pdf\" class=\"w-iconbox-link\" aria-label=\"Pourquoi choisir un dentiste SSO ?\"><div class=\"w-iconbox-icon\" style=\"font-size:16px;--icon-color:#ffffff;--icon-bg-color:#4473bd;\"><i class=\"fas fa-info\"><\/i><\/div><\/a><div class=\"w-iconbox-meta\"><h6 class=\"w-iconbox-title\"><a target=\"_blank\" rel=\"nofollow\" href=\"http:\/\/www.dentistehostettler.ch\/wp-content\/uploads\/2024\/09\/dentiste-sso-v2.pdf\" class=\"w-iconbox-link\" aria-label=\"Pourquoi choisir un dentiste SSO ?\">Pourquoi choisir un dentiste SSO ?<\/a><\/h6><\/div><\/div><div class=\"w-separator us_custom_906f0a39 has_text_color size_small with_line width_default thick_1 style_solid color_border align_center\"><div class=\"w-separator-h\"><\/div><\/div><div class=\"w-iconbox iconpos_left style_circle color_custom align_left no_text\"><a target=\"_blank\" rel=\"nofollow\" href=\"http:\/\/www.dentistehostettler.ch\/wp-content\/uploads\/2024\/09\/horaires-cabinet.pdf\" class=\"w-iconbox-link\" aria-label=\"Horaires d\u00e9taill\u00e9es du cabinet\"><div class=\"w-iconbox-icon\" style=\"font-size:16px;--icon-color:#ffffff;--icon-bg-color:#4473bd;\"><i class=\"material-icons\">query_builder<\/i><\/div><\/a><div class=\"w-iconbox-meta\"><h6 class=\"w-iconbox-title\"><a target=\"_blank\" rel=\"nofollow\" href=\"http:\/\/www.dentistehostettler.ch\/wp-content\/uploads\/2024\/09\/horaires-cabinet.pdf\" class=\"w-iconbox-link\" aria-label=\"Horaires d\u00e9taill\u00e9es du cabinet\">Horaires d\u00e9taill\u00e9es du cabinet<\/a><\/h6><\/div><\/div><div class=\"w-separator us_custom_906f0a39 has_text_color size_small with_line width_default thick_1 style_solid color_border align_center\"><div class=\"w-separator-h\"><\/div><\/div><div class=\"w-iconbox iconpos_left style_circle color_custom align_left no_text\"><a target=\" _blank\" rel=\"nofollow\" href=\"http:\/\/www.dentistehostettler.ch\/accueil\/?page_id=323\" class=\"w-iconbox-link\" aria-label=\"Offres d&#8217;emplois\"><div class=\"w-iconbox-icon\" style=\"font-size:16px;--icon-color:#ffffff;--icon-bg-color:#4473bd;\"><i class=\"fas fa-star\"><\/i><\/div><\/a><div class=\"w-iconbox-meta\"><h6 class=\"w-iconbox-title\"><a target=\" _blank\" rel=\"nofollow\" href=\"http:\/\/www.dentistehostettler.ch\/accueil\/?page_id=323\" class=\"w-iconbox-link\" aria-label=\"Offres d&#8217;emplois\">Offres d&#8217;emplois<\/a><\/h6><\/div><\/div><div class=\"w-separator us_custom_906f0a39 has_text_color size_small with_line width_default thick_1 style_solid color_border align_center\"><div class=\"w-separator-h\"><\/div><\/div><div class=\"w-separator size_custom\" style=\"height:100px\"><\/div><\/div><\/div><\/div><\/div><\/div><\/section><section class=\"l-section wpb_row height_medium\"><div class=\"l-section-h i-cf\"><div class=\"g-cols vc_row via_flex valign_top type_default stacking_default\"><div class=\"vc_col-sm-12 wpb_column vc_column_container\"><div class=\"vc_column-inner\"><div class=\"wpb_wrapper\"><div class=\"w-separator size_custom\" style=\"height:100px\"><\/div><\/div><\/div><\/div><\/div><\/div><\/section>\n","protected":false},"excerpt":{"rendered":"arrow_backRetour \u00e0 la page d&rsquo;accueilBienvenue sur la page des fiches d&rsquo;INFO Orthodontie sans bagueDents hypersensiblesBrosse \u00e0 dent \u00e9l\u00e9ctriqueBien choisir son dentifriceMes dents de sagesseBlanchir ses dentsImplant dentaireServices d&rsquo;urgencePourquoi choisir un...","protected":false},"author":1,"featured_media":0,"parent":0,"menu_order":0,"comment_status":"closed","ping_status":"closed","template":"","meta":{"_acf_changed":false,"footnotes":""},"class_list":["post-117","page","type-page","status-publish","hentry"],"acf":[],"_links":{"self":[{"href":"https:\/\/www.dentistehostettler.ch\/accueil\/wp-json\/wp\/v2\/pages\/117","targetHints":{"allow":["GET"]}}],"collection":[{"href":"https:\/\/www.dentistehostettler.ch\/accueil\/wp-json\/wp\/v2\/pages"}],"about":[{"href":"https:\/\/www.dentistehostettler.ch\/accueil\/wp-json\/wp\/v2\/types\/page"}],"author":[{"embeddable":true,"href":"https:\/\/www.dentistehostettler.ch\/accueil\/wp-json\/wp\/v2\/users\/1"}],"replies":[{"embeddable":true,"href":"https:\/\/www.dentistehostettler.ch\/accueil\/wp-json\/wp\/v2\/comments?post=117"}],"version-history":[{"count":93,"href":"https:\/\/www.dentistehostettler.ch\/accueil\/wp-json\/wp\/v2\/pages\/117\/revisions"}],"predecessor-version":[{"id":521,"href":"https:\/\/www.dentistehostettler.ch\/accueil\/wp-json\/wp\/v2\/pages\/117\/revisions\/521"}],"wp:attachment":[{"href":"https:\/\/www.dentistehostettler.ch\/accueil\/wp-json\/wp\/v2\/media?parent=117"}],"curies":[{"name":"wp","href":"https:\/\/api.w.org\/{rel}","templated":true}]}}